{"id":127,"date":"2025-06-24T06:50:11","date_gmt":"2025-06-24T06:50:11","guid":{"rendered":"https:\/\/primevalsource.com\/?page_id=127"},"modified":"2025-07-29T10:53:01","modified_gmt":"2025-07-29T10:53:01","slug":"misja","status":"publish","type":"page","link":"https:\/\/primevalsource.com\/en\/misja\/","title":{"rendered":"Mission"},"content":{"rendered":"<p>Dear Traveler, I wholeheartedly wish you to find within yourself what you are looking for.<\/p>\n<p>Dear Traveler, with all my heart I wish for you to find within yourself<br \/>\nConnecting with yourself is the key \u2013 because all the wisdom is already within you.<\/p>","protected":false},"excerpt":{"rendered":"<p>To, co naprawd\u0119 powiniene\u015b wiedzie\u0107, to \u017ce zosta\u0142em wezwany do stworzenia tego miejsca. Odpowied\u017a przysz\u0142a, gdy po\u0142\u0105czy\u0142em si\u0119 ze \u0179r\u00f3d\u0142em i rozpozna\u0142em drog\u0119. Drogi Podr\u00f3\u017cniku, z ca\u0142ego serca \u017cycz\u0119 Ci, by\u015b odnalaz\u0142 w sobie to, czego szukasz. Po\u0142\u0105czenie ze sob\u0105 jest kluczem &#8211; bo ca\u0142a m\u0105dro\u015b\u0107 ju\u017c w Tobie jest.<\/p>","protected":false},"author":1,"featured_media":0,"parent":0,"menu_order":0,"comment_status":"closed","ping_status":"open","template":"","meta":{"footnotes":""},"class_list":["post-127","page","type-page","status-publish","hentry"],"_links":{"self":[{"href":"https:\/\/primevalsource.com\/en\/wp-json\/wp\/v2\/pages\/127","targetHints":{"allow":["GET"]}}],"collection":[{"href":"https:\/\/primevalsource.com\/en\/wp-json\/wp\/v2\/pages"}],"about":[{"href":"https:\/\/primevalsource.com\/en\/wp-json\/wp\/v2\/types\/page"}],"author":[{"embeddable":true,"href":"https:\/\/primevalsource.com\/en\/wp-json\/wp\/v2\/users\/1"}],"replies":[{"embeddable":true,"href":"https:\/\/primevalsource.com\/en\/wp-json\/wp\/v2\/comments?post=127"}],"version-history":[{"count":6,"href":"https:\/\/primevalsource.com\/en\/wp-json\/wp\/v2\/pages\/127\/revisions"}],"predecessor-version":[{"id":151,"href":"https:\/\/primevalsource.com\/en\/wp-json\/wp\/v2\/pages\/127\/revisions\/151"}],"wp:attachment":[{"href":"https:\/\/primevalsource.com\/en\/wp-json\/wp\/v2\/media?parent=127"}],"curies":[{"name":"wp","href":"https:\/\/api.w.org\/{rel}","templated":true}]}}