{"id":157,"date":"2025-11-19T17:23:36","date_gmt":"2025-11-19T17:23:36","guid":{"rendered":"https:\/\/primevalsource.com\/?page_id=157"},"modified":"2025-12-15T10:11:38","modified_gmt":"2025-12-15T10:11:38","slug":"kontakt","status":"publish","type":"page","link":"https:\/\/primevalsource.com\/en\/kontakt\/","title":{"rendered":"Contact"},"content":{"rendered":"<p>FUNDACJA &#8222;\u0179R\u00d3D\u0141O SZCZ\u0118\u015aCIA&#8221;<br \/>\nALEJA WILANOWSKA 9A \/76<br \/>\n02-765 Warszawa<br \/>\nNIP 9512628953<br \/>\nKRS 0001189102<br \/>\nREGON 542628760<br \/>\nE-mail: <a class=\"moz-txt-link-abbreviated moz-txt-link-freetext\" href=\"mailto:source@primevalsource.com\">source@primevalsource.com<\/a><\/p>\n<p>Nr konta<br \/>\n21 1140 2004 0000 3502 8605 3904<\/p>","protected":false},"excerpt":{"rendered":"<p>FUNDACJA &#8222;\u0179R\u00d3D\u0141O SZCZ\u0118\u015aCIA&#8221; ALEJA WILANOWSKA 9A \/76 02-765 Warszawa NIP 9512628953 KRS 0001189102 REGON 542628760 E-mail: source@primevalsource.com Nr konta 21 1140 2004 0000 3502 8605 3904<\/p>","protected":false},"author":1,"featured_media":0,"parent":0,"menu_order":0,"comment_status":"closed","ping_status":"open","template":"","meta":{"footnotes":""},"class_list":["post-157","page","type-page","status-publish","hentry"],"_links":{"self":[{"href":"https:\/\/primevalsource.com\/en\/wp-json\/wp\/v2\/pages\/157","targetHints":{"allow":["GET"]}}],"collection":[{"href":"https:\/\/primevalsource.com\/en\/wp-json\/wp\/v2\/pages"}],"about":[{"href":"https:\/\/primevalsource.com\/en\/wp-json\/wp\/v2\/types\/page"}],"author":[{"embeddable":true,"href":"https:\/\/primevalsource.com\/en\/wp-json\/wp\/v2\/users\/1"}],"replies":[{"embeddable":true,"href":"https:\/\/primevalsource.com\/en\/wp-json\/wp\/v2\/comments?post=157"}],"version-history":[{"count":2,"href":"https:\/\/primevalsource.com\/en\/wp-json\/wp\/v2\/pages\/157\/revisions"}],"predecessor-version":[{"id":178,"href":"https:\/\/primevalsource.com\/en\/wp-json\/wp\/v2\/pages\/157\/revisions\/178"}],"wp:attachment":[{"href":"https:\/\/primevalsource.com\/en\/wp-json\/wp\/v2\/media?parent=157"}],"curies":[{"name":"wp","href":"https:\/\/api.w.org\/{rel}","templated":true}]}}