{"id":3,"date":"2024-10-21T09:38:34","date_gmt":"2024-10-21T09:38:34","guid":{"rendered":"https:\/\/primevalsource.com\/?page_id=3"},"modified":"2025-07-29T10:53:39","modified_gmt":"2025-07-29T10:53:39","slug":"privacy-policy","status":"publish","type":"page","link":"https:\/\/primevalsource.com\/en\/privacy-policy\/","title":{"rendered":"Privacy Policy"},"content":{"rendered":"<p data-start=\"282\" data-end=\"371\">The administrator of personal data is the \"\u0179r\u00f3d\u0142o Szcz\u0119\u015bcia\" Foundation with its registered office in Warsaw.<\/p>\n<ol data-start=\"373\" data-end=\"1448\">\n<li data-start=\"373\" data-end=\"614\">\n<p data-start=\"376\" data-end=\"614\">Scope of collected data<br data-start=\"404\" data-end=\"407\" \/>The website does not directly collect users\u2019 personal data. All data necessary to process payments is handled exclusively by the payment operator Przelewy24, in accordance with its privacy policy.<\/p>\n<\/li>\n<li data-start=\"616\" data-end=\"796\">\n<p data-start=\"619\" data-end=\"796\">Purpose of data processing<br data-start=\"647\" data-end=\"650\" \/>The data transferred to the payment operator is used solely for processing payments and ensuring the correct delivery of the service.<\/p>\n<\/li>\n<li data-start=\"798\" data-end=\"1120\">\n<p data-start=\"801\" data-end=\"1120\">User rights<br data-start=\"822\" data-end=\"825\" \/>As the website does not independently process any personal data, does not maintain databases, and does not engage in profiling, it cannot provide access to, edit, or delete personal data. To exercise your rights, please contact Przelewy24 directly.<\/p>\n<\/li>\n<li data-start=\"1122\" data-end=\"1294\">\n<p data-start=\"1125\" data-end=\"1294\">Cookies and server logs<br data-start=\"1157\" data-end=\"1160\" \/>The website may use cookies for technical and statistical purposes only. We do not engage in user profiling.<\/p>\n<\/li>\n<li data-start=\"1296\" data-end=\"1448\">\n<p data-start=\"1299\" data-end=\"1448\">Contact<br data-start=\"1310\" data-end=\"1313\" \/>For privacy-related inquiries, please contact the administrator at: <a rel=\"noopener\" data-start=\"1421\" data-end=\"1446\">source@primevalsource.com<\/a><\/p>\n<\/li>\n<\/ol>","protected":false},"excerpt":{"rendered":"<p>Administratorem danych osobowych jest Fundacja \u201e\u0179r\u00f3d\u0142o Szcz\u0119\u015bcia\u201d z siedzib\u0105 w Warszawie. Zakres zbieranych danychSerwis nie gromadzi bezpo\u015brednio danych osobowych u\u017cytkownik\u00f3w. Dane niezb\u0119dne do realizacji transakcji s\u0105 przetwarzane wy\u0142\u0105cznie przez operatora p\u0142atno\u015bci Przelewy24, zgodnie z jego polityk\u0105 prywatno\u015bci. Cel przetwarzania danychDane przekazywane operatorowi p\u0142atno\u015bci wykorzystywane s\u0105 wy\u0142\u0105cznie w celu realizacji p\u0142atno\u015bci oraz zapewnienia prawid\u0142owego przebiegu us\u0142ugi. [&hellip;]<\/p>\n","protected":false},"author":1,"featured_media":0,"parent":0,"menu_order":0,"comment_status":"closed","ping_status":"open","template":"","meta":{"footnotes":""},"class_list":["post-3","page","type-page","status-publish","hentry"],"_links":{"self":[{"href":"https:\/\/primevalsource.com\/en\/wp-json\/wp\/v2\/pages\/3","targetHints":{"allow":["GET"]}}],"collection":[{"href":"https:\/\/primevalsource.com\/en\/wp-json\/wp\/v2\/pages"}],"about":[{"href":"https:\/\/primevalsource.com\/en\/wp-json\/wp\/v2\/types\/page"}],"author":[{"embeddable":true,"href":"https:\/\/primevalsource.com\/en\/wp-json\/wp\/v2\/users\/1"}],"replies":[{"embeddable":true,"href":"https:\/\/primevalsource.com\/en\/wp-json\/wp\/v2\/comments?post=3"}],"version-history":[{"count":8,"href":"https:\/\/primevalsource.com\/en\/wp-json\/wp\/v2\/pages\/3\/revisions"}],"predecessor-version":[{"id":152,"href":"https:\/\/primevalsource.com\/en\/wp-json\/wp\/v2\/pages\/3\/revisions\/152"}],"wp:attachment":[{"href":"https:\/\/primevalsource.com\/en\/wp-json\/wp\/v2\/media?parent=3"}],"curies":[{"name":"wp","href":"https:\/\/api.w.org\/{rel}","templated":true}]}}